{"id":868,"date":"2026-02-13T20:13:26","date_gmt":"2026-02-13T20:13:26","guid":{"rendered":"https:\/\/familienkonzerte.info\/?page_id=868"},"modified":"2026-04-03T11:56:42","modified_gmt":"2026-04-03T11:56:42","slug":"musikmanager-in-konzertvermittler-in-fuer-selbstaendige-taetigkeit-gesucht-m-w-d","status":"publish","type":"page","link":"https:\/\/familienkonzerte.info\/?page_id=868","title":{"rendered":"Musikmanager\/in Konzertvermittler\/in f\u00fcr selbst\u00e4ndige T\u00e4tigkeit gesucht (m\/w\/d)"},"content":{"rendered":"\n<p>Nachfolger\/in f\u00fcr selbst\u00e4ndige T\u00e4tigkeit im Bereich Musikvermittlung in einem seit 2008 erfolgreich etablierten Projekt \u201eFamilienkonzerte in Kooperation mit Grundschulen\u201c in M\u00fclheim an der Ruhr gesucht. (Planm\u00e4\u00dfige \u00dcbergabe aus Altersgr\u00fcnden April 2026)<\/p>\n\n\n\n<p>Es handelt sich um eine selbst\u00e4ndige Unternehmert\u00e4tigkeit. \u00dcbergeben werden ein fester Kundenstamm, bew\u00e4hrte Projektstrukturen, gepflegte Kooperationsbeziehungen und eine langj\u00e4hrige Publikumsbindung. Die Arbeitszeit entspricht 250 Stunden pro Jahr (ausbauf\u00e4hig).<\/p>\n\n\n\n<p>Die seit 2008 in M\u00fclheim (Stadthalle) angebotenen Familienkonzerte geh\u00f6ren zum festen Bestandteil des st\u00e4dtischen Schul-Kultur-Angebots. J\u00e4hrlich wird ein Konzertprogramm mit vorbereitenden Unterrichtsmaterialien entwickelt und mehrfach aufgef\u00fchrt. Bislang wurden an einem Konzertwochenenden ca. 3.000 Besucher erreicht. Zielgruppe sind Grundsch\u00fcler mit ihren Familien und Grundschullehrkr\u00e4fte.<\/p>\n\n\n\n<p>(www.familienkonzerte.info)<\/p>\n\n\n\n<p>Aufgabengebiet:<\/p>\n\n\n\n<ul class=\"wp-block-list\">\n<li>Projektorganisation: Konzeption, Organisation und Durchf\u00fchrung von Familienkonzerten mit j\u00e4hrlich einem Thema<\/li>\n\n\n\n<li>Finanzorganisation: Einwerben von Sponsorengeldern, Verfassen von F\u00f6rderantr\u00e4gen, Finanzabwicklung, Kartenvorverkauf<\/li>\n\n\n\n<li>Pflege und Ausbau bestehender Kooperationsbeziehungen<\/li>\n\n\n\n<li>\u00d6ffentlichkeitsarbeit<\/li>\n\n\n\n<li>Erstellen von Unterrichtsmaterialien, Durchf\u00fchrung einer Lehrerfortbildung<\/li>\n<\/ul>\n\n\n\n<p>Voraussetzungen:<\/p>\n\n\n\n<ul class=\"wp-block-list\">\n<li>Abgeschlossenes Hochschulstudium in den Bereichen Musikmanagement\/Konzertvermittlung oder praxiserfahrene Quereinsteiger\/innen mit k\u00fcnstlerischer oder p\u00e4dagogischer Ausbildung<\/li>\n\n\n\n<li>Gutes Organisationstalent<\/li>\n\n\n\n<li>Projekterfahrung<\/li>\n\n\n\n<li>Wohnsitz im Ruhrgebiet<\/li>\n<\/ul>\n\n\n\n<p>Bewerbung an Dr. Ulrike Schwanse mit den \u00fcblichen Unterlagen an:<\/p>\n\n\n\n<p><a href=\"mailto:info@familienkonzerte.info\">info@familienkonzerte.info<\/a> (Anh\u00e4nge ausschlie\u00dflich als PDF)<\/p>\n\n\n\n<p><\/p>\n","protected":false},"excerpt":{"rendered":"<p>Nachfolger\/in f\u00fcr selbst\u00e4ndige T\u00e4tigkeit im Bereich Musikvermittlung in einem seit 2008 erfolgreich etablierten Projekt \u201eFamilienkonzerte in Kooperation mit Grundschulen\u201c in M\u00fclheim an der Ruhr gesucht. (Planm\u00e4\u00dfige \u00dcbergabe aus Altersgr\u00fcnden April 2026) Es handelt sich um eine selbst\u00e4ndige Unternehmert\u00e4tigkeit. \u00dcbergeben werden ein fester Kundenstamm, bew\u00e4hrte Projektstrukturen, gepflegte Kooperationsbeziehungen und eine langj\u00e4hrige Publikumsbindung. Die Arbeitszeit entspricht 250 &hellip; <\/p>\n<p class=\"link-more\"><a href=\"https:\/\/familienkonzerte.info\/?page_id=868\" class=\"more-link\"><span class=\"screen-reader-text\">\u201eMusikmanager\/in Konzertvermittler\/in f\u00fcr selbst\u00e4ndige T\u00e4tigkeit gesucht (m\/w\/d)\u201c <\/span>weiterlesen<\/a><\/p>\n","protected":false},"author":1,"featured_media":0,"parent":0,"menu_order":0,"comment_status":"closed","ping_status":"closed","template":"","meta":{"footnotes":""},"class_list":["post-868","page","type-page","status-publish","hentry"],"_links":{"self":[{"href":"https:\/\/familienkonzerte.info\/index.php?rest_route=\/wp\/v2\/pages\/868","targetHints":{"allow":["GET"]}}],"collection":[{"href":"https:\/\/familienkonzerte.info\/index.php?rest_route=\/wp\/v2\/pages"}],"about":[{"href":"https:\/\/familienkonzerte.info\/index.php?rest_route=\/wp\/v2\/types\/page"}],"author":[{"embeddable":true,"href":"https:\/\/familienkonzerte.info\/index.php?rest_route=\/wp\/v2\/users\/1"}],"replies":[{"embeddable":true,"href":"https:\/\/familienkonzerte.info\/index.php?rest_route=%2Fwp%2Fv2%2Fcomments&post=868"}],"version-history":[{"count":3,"href":"https:\/\/familienkonzerte.info\/index.php?rest_route=\/wp\/v2\/pages\/868\/revisions"}],"predecessor-version":[{"id":873,"href":"https:\/\/familienkonzerte.info\/index.php?rest_route=\/wp\/v2\/pages\/868\/revisions\/873"}],"wp:attachment":[{"href":"https:\/\/familienkonzerte.info\/index.php?rest_route=%2Fwp%2Fv2%2Fmedia&parent=868"}],"curies":[{"name":"wp","href":"https:\/\/api.w.org\/{rel}","templated":true}]}}