{"id":814,"date":"2025-09-08T19:29:35","date_gmt":"2025-09-08T19:29:35","guid":{"rendered":"https:\/\/familienkonzerte.info\/?page_id=814"},"modified":"2025-09-08T19:51:55","modified_gmt":"2025-09-08T19:51:55","slug":"das-grosse-fest-20-jahre-familienkonzerte-in-essen-und-muelheim-2024","status":"publish","type":"page","link":"https:\/\/familienkonzerte.info\/?page_id=814","title":{"rendered":"&#8222;Das gro\u00dfe Fest&#8220; &#8211; 20 Jahre Familienkonzerte in Essen und M\u00fclheim (2024)"},"content":{"rendered":"\n<p><a>Was brauchen wir alles f\u00fcr ein Fest? Auf jeden Fall mitrei\u00dfende Musik zum Feiern und Tanzen!<\/a><\/p>\n\n\n\n<p>\u201eO Mensch, lerne tanzen, sonst wissen die Engel im Himmel mit dir nichts anzufangen!\u201c<\/p>\n\n\n\n<p>Diese Worte werden dem Kirchenvater Augustinus (Bischof von Hippo 354-430) zugeschrieben und passen zum gro\u00dfen Fest \u201e20 Jahre Familienkonzerte\u201c. Stets wird zu fr\u00f6hlichen Anl\u00e4ssen getanzt. Deshalb stehen musikalische Hits aus vier Jahrhunderten auf dem Programm! Volkst\u00e4nze kommen \u00fcberall vor, ob auf Volksfesten oder Hochzeiten, ob in Europa oder anderswo \u2013 die Menschen brauchen Tanzmusik. Nat\u00fcrlich d\u00fcrfen deshalb im Konzert Folkloret\u00e4nze, Walzer und Polkas nicht fehlen! Volkst\u00e4nze fanden auch in die reine Konzertmusik Eingang. Viele Komponisten nahmen sie in ihr Repertoire auf. Einige verwendeten das Wort \u201eTanz\u201c bereits im Werktitel, um auf den bewegenden Charakter der Musik zu verweisen. Die \u201eUngarischen T\u00e4nze\u201c von J. Brahms, die \u201eSlawischen T\u00e4nze\u201c von A. Dvo\u0159\u00e1k oder die \u201eRum\u00e4nischen Volkst\u00e4nze\u201c von B. Bart\u00f3k sind nur wenige Beispiele. Damit bewahrten sie die originalen Folkloret\u00e4nze, die heute oftmals nur noch bei speziellen regionalen Brauchtumsveranstaltungen gepflegt werden, vor dem Vergessen. Wir werden unsere Herzen zu den vielen sch\u00f6nen bekannten und unbekannten Melodien mittanzen lassen!<\/p>\n\n\n\n<figure class=\"wp-block-image size-large\"><img loading=\"lazy\" decoding=\"async\" width=\"1024\" height=\"1024\" src=\"https:\/\/familienkonzerte.info\/wp-content\/uploads\/2025\/09\/Tanzpaar_farbig_auf_Weiss-1024x1024.jpg\" alt=\"\" class=\"wp-image-816\" srcset=\"https:\/\/familienkonzerte.info\/wp-content\/uploads\/2025\/09\/Tanzpaar_farbig_auf_Weiss-1024x1024.jpg 1024w, https:\/\/familienkonzerte.info\/wp-content\/uploads\/2025\/09\/Tanzpaar_farbig_auf_Weiss-300x300.jpg 300w, https:\/\/familienkonzerte.info\/wp-content\/uploads\/2025\/09\/Tanzpaar_farbig_auf_Weiss-150x150.jpg 150w, https:\/\/familienkonzerte.info\/wp-content\/uploads\/2025\/09\/Tanzpaar_farbig_auf_Weiss-768x768.jpg 768w, https:\/\/familienkonzerte.info\/wp-content\/uploads\/2025\/09\/Tanzpaar_farbig_auf_Weiss-100x100.jpg 100w, https:\/\/familienkonzerte.info\/wp-content\/uploads\/2025\/09\/Tanzpaar_farbig_auf_Weiss.jpg 1181w\" sizes=\"auto, (max-width: 767px) 89vw, (max-width: 1000px) 54vw, (max-width: 1071px) 543px, 580px\" \/><\/figure>\n\n\n\n<p>Konzept und Moderation: Dr. Ulrike Schwanse<\/p>\n\n\n\n<p>Regie: Anja Sch\u00f6ne<\/p>\n\n\n\n<p>Partner Essen: Essener Studentenorchester (Leitung: Pontus Schirmer)<\/p>\n\n\n\n<p>Muchtar Al Ghusain (Schirmherr)<\/p>\n\n\n\n<p>Partner M\u00fclheim: M\u00fcnsteraner Studentenorchester (Nicolas Kierdorf)<\/p>\n\n\n\n<p>Dr. Daniela Grobe (Schirmherrin)<\/p>\n\n\n\n<figure class=\"wp-block-image size-large\"><img loading=\"lazy\" decoding=\"async\" width=\"681\" height=\"1024\" src=\"https:\/\/familienkonzerte.info\/wp-content\/uploads\/2025\/09\/2024_03_08_WAZ_Muelheim-681x1024.jpg\" alt=\"\" class=\"wp-image-818\" srcset=\"https:\/\/familienkonzerte.info\/wp-content\/uploads\/2025\/09\/2024_03_08_WAZ_Muelheim-681x1024.jpg 681w, https:\/\/familienkonzerte.info\/wp-content\/uploads\/2025\/09\/2024_03_08_WAZ_Muelheim-200x300.jpg 200w, https:\/\/familienkonzerte.info\/wp-content\/uploads\/2025\/09\/2024_03_08_WAZ_Muelheim-768x1154.jpg 768w, https:\/\/familienkonzerte.info\/wp-content\/uploads\/2025\/09\/2024_03_08_WAZ_Muelheim.jpg 936w\" sizes=\"auto, (max-width: 681px) 100vw, 681px\" \/><\/figure>\n\n\n\n<figure class=\"wp-block-image size-large\"><img loading=\"lazy\" decoding=\"async\" width=\"1024\" height=\"515\" src=\"https:\/\/familienkonzerte.info\/wp-content\/uploads\/2025\/09\/2024_03_05_WAZ_Muelheim-1024x515.jpg\" alt=\"\" class=\"wp-image-819\" srcset=\"https:\/\/familienkonzerte.info\/wp-content\/uploads\/2025\/09\/2024_03_05_WAZ_Muelheim-1024x515.jpg 1024w, https:\/\/familienkonzerte.info\/wp-content\/uploads\/2025\/09\/2024_03_05_WAZ_Muelheim-300x151.jpg 300w, https:\/\/familienkonzerte.info\/wp-content\/uploads\/2025\/09\/2024_03_05_WAZ_Muelheim-768x386.jpg 768w, https:\/\/familienkonzerte.info\/wp-content\/uploads\/2025\/09\/2024_03_05_WAZ_Muelheim-1536x772.jpg 1536w, https:\/\/familienkonzerte.info\/wp-content\/uploads\/2025\/09\/2024_03_05_WAZ_Muelheim-2048x1030.jpg 2048w\" sizes=\"auto, (max-width: 767px) 89vw, (max-width: 1000px) 54vw, (max-width: 1071px) 543px, 580px\" \/><\/figure>\n","protected":false},"excerpt":{"rendered":"<p>Was brauchen wir alles f\u00fcr ein Fest? Auf jeden Fall mitrei\u00dfende Musik zum Feiern und Tanzen! \u201eO Mensch, lerne tanzen, sonst wissen die Engel im Himmel mit dir nichts anzufangen!\u201c Diese Worte werden dem Kirchenvater Augustinus (Bischof von Hippo 354-430) zugeschrieben und passen zum gro\u00dfen Fest \u201e20 Jahre Familienkonzerte\u201c. Stets wird zu fr\u00f6hlichen Anl\u00e4ssen getanzt. &hellip; <\/p>\n<p class=\"link-more\"><a href=\"https:\/\/familienkonzerte.info\/?page_id=814\" class=\"more-link\"><span class=\"screen-reader-text\">\u201e&#8222;Das gro\u00dfe Fest&#8220; &#8211; 20 Jahre Familienkonzerte in Essen und M\u00fclheim (2024)\u201c <\/span>weiterlesen<\/a><\/p>\n","protected":false},"author":2,"featured_media":0,"parent":0,"menu_order":0,"comment_status":"closed","ping_status":"closed","template":"","meta":{"footnotes":""},"class_list":["post-814","page","type-page","status-publish","hentry"],"_links":{"self":[{"href":"https:\/\/familienkonzerte.info\/index.php?rest_route=\/wp\/v2\/pages\/814","targetHints":{"allow":["GET"]}}],"collection":[{"href":"https:\/\/familienkonzerte.info\/index.php?rest_route=\/wp\/v2\/pages"}],"about":[{"href":"https:\/\/familienkonzerte.info\/index.php?rest_route=\/wp\/v2\/types\/page"}],"author":[{"embeddable":true,"href":"https:\/\/familienkonzerte.info\/index.php?rest_route=\/wp\/v2\/users\/2"}],"replies":[{"embeddable":true,"href":"https:\/\/familienkonzerte.info\/index.php?rest_route=%2Fwp%2Fv2%2Fcomments&post=814"}],"version-history":[{"count":4,"href":"https:\/\/familienkonzerte.info\/index.php?rest_route=\/wp\/v2\/pages\/814\/revisions"}],"predecessor-version":[{"id":847,"href":"https:\/\/familienkonzerte.info\/index.php?rest_route=\/wp\/v2\/pages\/814\/revisions\/847"}],"wp:attachment":[{"href":"https:\/\/familienkonzerte.info\/index.php?rest_route=%2Fwp%2Fv2%2Fmedia&parent=814"}],"curies":[{"name":"wp","href":"https:\/\/api.w.org\/{rel}","templated":true}]}}