{"id":790,"date":"2025-05-15T19:02:19","date_gmt":"2025-05-15T19:02:19","guid":{"rendered":"https:\/\/familienkonzerte.info\/?page_id=790"},"modified":"2026-01-05T17:20:27","modified_gmt":"2026-01-05T17:20:27","slug":"muelheimer-familienkonzerte-in-der-stadthalle-muelheim-2026","status":"publish","type":"page","link":"https:\/\/familienkonzerte.info\/?page_id=790","title":{"rendered":"M\u00fclheimer Familienkonzerte in der Stadthalle M\u00fclheim (2026)"},"content":{"rendered":"\n<p><strong>&#8222;Die Moldau&#8220; (B. Smetana)<\/strong><\/p>\n\n\n\n<p><a href=\"https:\/\/uni-muenster.sciebo.de\/s\/9rLZoqxyRQ6joK9\">Unterrichtsmaterialien M\u00fclheim<\/a><\/p>\n\n\n\n<p>Familienkonzerte<\/p>\n\n\n\n<p>22. M\u00e4rz 2026 um 11.00 Uhr, 13.15 Uhr und 15.30 Uhr<\/p>\n\n\n\n<p>Studentenorchester M\u00fcnster<\/p>\n\n\n\n<p>Konzept und Moderation: Dr. Ulrike Schwanse<\/p>\n\n\n\n<p>Regie: Anja Sch\u00f6ne, Gabriel Schunck<\/p>\n\n\n\n<p>Schauspiel: Gabriel Schunck<\/p>\n\n\n\n<p>Tanz: Sami Antonio Matumona<\/p>\n\n\n\n<p>Kartenvorverkauf ab 2. Februar 2026<\/p>\n\n\n\n<p>(Kinder 4,50 \u20ac \/ Erwachsene 7,50 \u20ac)<\/p>\n\n\n\n<p>www.familienkonzerte.info oder Tel.: 0201\/466229 oder Fax:0201\/8465707<\/p>\n\n\n\n<p><a href=\"https:\/\/familienkonzerte.info\/wp-content\/uploads\/2026\/01\/06-Vordruck-Kartenbestellung-Muelheim-2026-Die-Moldau.pdf\">Kartenbestellformular<\/a><\/p>\n\n\n\n<p><a href=\"https:\/\/familienkonzerte.info\/wp-content\/uploads\/2026\/01\/20251216_familienkonzerte_muelheim_plakat_a5.pdf\">Plakat als Handzettel<\/a><\/p>\n","protected":false},"excerpt":{"rendered":"<p>&#8222;Die Moldau&#8220; (B. Smetana) Unterrichtsmaterialien M\u00fclheim Familienkonzerte 22. M\u00e4rz 2026 um 11.00 Uhr, 13.15 Uhr und 15.30 Uhr Studentenorchester M\u00fcnster Konzept und Moderation: Dr. Ulrike Schwanse Regie: Anja Sch\u00f6ne, Gabriel Schunck Schauspiel: Gabriel Schunck Tanz: Sami Antonio Matumona Kartenvorverkauf ab 2. Februar 2026 (Kinder 4,50 \u20ac \/ Erwachsene 7,50 \u20ac) www.familienkonzerte.info oder Tel.: 0201\/466229 oder &hellip; <\/p>\n<p class=\"link-more\"><a href=\"https:\/\/familienkonzerte.info\/?page_id=790\" class=\"more-link\"><span class=\"screen-reader-text\">\u201eM\u00fclheimer Familienkonzerte in der Stadthalle M\u00fclheim (2026)\u201c <\/span>weiterlesen<\/a><\/p>\n","protected":false},"author":2,"featured_media":0,"parent":0,"menu_order":0,"comment_status":"closed","ping_status":"closed","template":"","meta":{"footnotes":""},"class_list":["post-790","page","type-page","status-publish","hentry"],"_links":{"self":[{"href":"https:\/\/familienkonzerte.info\/index.php?rest_route=\/wp\/v2\/pages\/790","targetHints":{"allow":["GET"]}}],"collection":[{"href":"https:\/\/familienkonzerte.info\/index.php?rest_route=\/wp\/v2\/pages"}],"about":[{"href":"https:\/\/familienkonzerte.info\/index.php?rest_route=\/wp\/v2\/types\/page"}],"author":[{"embeddable":true,"href":"https:\/\/familienkonzerte.info\/index.php?rest_route=\/wp\/v2\/users\/2"}],"replies":[{"embeddable":true,"href":"https:\/\/familienkonzerte.info\/index.php?rest_route=%2Fwp%2Fv2%2Fcomments&post=790"}],"version-history":[{"count":6,"href":"https:\/\/familienkonzerte.info\/index.php?rest_route=\/wp\/v2\/pages\/790\/revisions"}],"predecessor-version":[{"id":864,"href":"https:\/\/familienkonzerte.info\/index.php?rest_route=\/wp\/v2\/pages\/790\/revisions\/864"}],"wp:attachment":[{"href":"https:\/\/familienkonzerte.info\/index.php?rest_route=%2Fwp%2Fv2%2Fmedia&parent=790"}],"curies":[{"name":"wp","href":"https:\/\/api.w.org\/{rel}","templated":true}]}}