{"id":763,"date":"2025-05-15T17:29:20","date_gmt":"2025-05-15T17:29:20","guid":{"rendered":"https:\/\/familienkonzerte.info\/?page_id=763"},"modified":"2025-09-01T19:42:52","modified_gmt":"2025-09-01T19:42:52","slug":"die-moldau-b-smetana","status":"publish","type":"page","link":"https:\/\/familienkonzerte.info\/?page_id=763","title":{"rendered":"&#8222;Die Moldau&#8220; (B. Smetana)"},"content":{"rendered":"\n<p>Konzeption und Moderation: Dr. Ulrike Schwanse<\/p>\n\n\n\n<p>Regie: Anja Sch\u00f6ne<\/p>\n\n\n\n<p>Aus zwei kleinen Quellen im b\u00f6hmischen Hochmoor entspringt ein B\u00e4chlein. Es schl\u00e4ngelt sich durch Wiesen und W\u00e4lder, vorbei an spannenden Jagdabenteuern, einer fr\u00f6hlichen Hochzeit und geheimnisvollen n\u00e4chtlichen Geisterwelten. Immer mehr Wasser str\u00f6mt hinzu und st\u00fcrzt an gef\u00e4hrlichen Wasserf\u00e4llen herab. Hoch oben von stolzen Burgen k\u00f6nnt ihr &#8211; wie fr\u00fcher die Ritter &#8211; auf den gro\u00dfen Fluss schauen. Welcher das ist, wei\u00df inzwischen jedes Kind, denn &#8222;Fritzchen Schlagsahne&#8220; hat ihn weltber\u00fchmt gemacht: Die Moldau!  <\/p>\n\n\n\n<p>&#8222;Fritzchen Schlagsahne&#8220; ist aus der dem Tschechischen \u00fcbersetzte Name &#8222;Bedrich Smetana&#8220;. Dieser gro\u00dfe Komponist war am Ende seines Lebens leider ganz taub und konnte seine eigene Musik im Konzertsaal selbst nicht mehr laut h\u00f6ren, geschweige denn dirigieren. Und dennoch hat er in Noten diese vielen Abenteuer f\u00fcr euch aufgeschrieben.<\/p>\n\n\n\n<p><\/p>\n\n\n\n<figure class=\"wp-block-image size-large is-resized\"><img loading=\"lazy\" decoding=\"async\" width=\"1024\" height=\"576\" src=\"https:\/\/familienkonzerte.info\/wp-content\/uploads\/2025\/05\/Bild-M.-Simon-1024x576.jpg\" alt=\"\" class=\"wp-image-762\" style=\"width:674px;height:auto\" srcset=\"https:\/\/familienkonzerte.info\/wp-content\/uploads\/2025\/05\/Bild-M.-Simon-1024x576.jpg 1024w, https:\/\/familienkonzerte.info\/wp-content\/uploads\/2025\/05\/Bild-M.-Simon-300x169.jpg 300w, https:\/\/familienkonzerte.info\/wp-content\/uploads\/2025\/05\/Bild-M.-Simon-768x432.jpg 768w, https:\/\/familienkonzerte.info\/wp-content\/uploads\/2025\/05\/Bild-M.-Simon.jpg 1525w\" sizes=\"auto, (max-width: 767px) 89vw, (max-width: 1000px) 54vw, (max-width: 1071px) 543px, 580px\" \/><\/figure>\n\n\n\n<p class=\"has-text-align-center\">Illustration: Manuel Simon<\/p>\n\n\n\n<p><a href=\"https:\/\/familienkonzerte.info\/?page_id=767\">Essen<\/a><\/p>\n\n\n\n<p><a href=\"https:\/\/familienkonzerte.info\/?page_id=790\" data-type=\"page\" data-id=\"790\">M\u00fclheim<\/a><\/p>\n","protected":false},"excerpt":{"rendered":"<p>Konzeption und Moderation: Dr. Ulrike Schwanse Regie: Anja Sch\u00f6ne Aus zwei kleinen Quellen im b\u00f6hmischen Hochmoor entspringt ein B\u00e4chlein. Es schl\u00e4ngelt sich durch Wiesen und W\u00e4lder, vorbei an spannenden Jagdabenteuern, einer fr\u00f6hlichen Hochzeit und geheimnisvollen n\u00e4chtlichen Geisterwelten. Immer mehr Wasser str\u00f6mt hinzu und st\u00fcrzt an gef\u00e4hrlichen Wasserf\u00e4llen herab. Hoch oben von stolzen Burgen k\u00f6nnt ihr &hellip; <\/p>\n<p class=\"link-more\"><a href=\"https:\/\/familienkonzerte.info\/?page_id=763\" class=\"more-link\"><span class=\"screen-reader-text\">\u201e&#8222;Die Moldau&#8220; (B. Smetana)\u201c <\/span>weiterlesen<\/a><\/p>\n","protected":false},"author":2,"featured_media":0,"parent":0,"menu_order":0,"comment_status":"closed","ping_status":"closed","template":"","meta":{"footnotes":""},"class_list":["post-763","page","type-page","status-publish","hentry"],"_links":{"self":[{"href":"https:\/\/familienkonzerte.info\/index.php?rest_route=\/wp\/v2\/pages\/763","targetHints":{"allow":["GET"]}}],"collection":[{"href":"https:\/\/familienkonzerte.info\/index.php?rest_route=\/wp\/v2\/pages"}],"about":[{"href":"https:\/\/familienkonzerte.info\/index.php?rest_route=\/wp\/v2\/types\/page"}],"author":[{"embeddable":true,"href":"https:\/\/familienkonzerte.info\/index.php?rest_route=\/wp\/v2\/users\/2"}],"replies":[{"embeddable":true,"href":"https:\/\/familienkonzerte.info\/index.php?rest_route=%2Fwp%2Fv2%2Fcomments&post=763"}],"version-history":[{"count":5,"href":"https:\/\/familienkonzerte.info\/index.php?rest_route=\/wp\/v2\/pages\/763\/revisions"}],"predecessor-version":[{"id":805,"href":"https:\/\/familienkonzerte.info\/index.php?rest_route=\/wp\/v2\/pages\/763\/revisions\/805"}],"wp:attachment":[{"href":"https:\/\/familienkonzerte.info\/index.php?rest_route=%2Fwp%2Fv2%2Fmedia&parent=763"}],"curies":[{"name":"wp","href":"https:\/\/api.w.org\/{rel}","templated":true}]}}