{"id":50,"date":"2019-06-03T19:53:10","date_gmt":"2019-06-03T19:53:10","guid":{"rendered":"http:\/\/wordpress.familienkonzerte.info\/?page_id=50"},"modified":"2019-08-07T09:50:11","modified_gmt":"2019-08-07T09:50:11","slug":"ein-haydnspass-2014","status":"publish","type":"page","link":"https:\/\/familienkonzerte.info\/?page_id=50","title":{"rendered":"Ein Haydnspa\u00df 2014"},"content":{"rendered":"\n<h3 class=\"wp-block-heading\">Konzept und Moderation: Dr. Ulrike Schwanse<\/h3>\n\n\n\n<p>Ein kr\u00e4ftiger Paukenschlag f\u00fchrt das junge  Publikum in Haydns Lebenszeit. Da wird der Acker bestellt, die Tierwelt  beobachtet und bei Hofe getanzt. Haydns Musik erz\u00e4hlt, was die Stunde  geschlagen hat&#8230;<br>Auf unterhaltsame Weise erfahren Eltern und  Sch\u00fcler interessante Details aus dem Leben dieses bedeutenden  Komponisten der Wiener Klassik. Und wir schauen dem gro\u00dfen Meister in  seiner Kompositionswerkstatt etwas genauer \u00fcber die Schulter. Haydn war  ein sehr humorvoller Mensch: Lachen erlaubt!<br>                          <\/p>\n\n\n\n<p><strong>Partner Essen:<\/strong><br>Orchester: Essener Studentenorchester (Leitung:  Johannes Witt), Regie: Arnd D\u00f6rfling, Andreas Bomheuer (Schirmherr)<\/p>\n\n\n\n<figure class=\"wp-block-image is-resized\"><img loading=\"lazy\" decoding=\"async\" src=\"https:\/\/familienkonzerte.info\/wp-content\/uploads\/2019\/08\/Bild-Essen-in-WAZ-MH-v.-20.11.2014.jpg\" alt=\"\" class=\"wp-image-191\" width=\"843\" height=\"712\" srcset=\"https:\/\/familienkonzerte.info\/wp-content\/uploads\/2019\/08\/Bild-Essen-in-WAZ-MH-v.-20.11.2014.jpg 654w, https:\/\/familienkonzerte.info\/wp-content\/uploads\/2019\/08\/Bild-Essen-in-WAZ-MH-v.-20.11.2014-300x254.jpg 300w\" sizes=\"auto, (max-width: 767px) 89vw, (max-width: 1000px) 54vw, (max-width: 1071px) 543px, 580px\" \/><figcaption>WAZ M\u00fclheim 20. November 2014<\/figcaption><\/figure>\n\n\n\n<figure class=\"wp-block-image is-resized\"><img loading=\"lazy\" decoding=\"async\" src=\"https:\/\/familienkonzerte.info\/wp-content\/uploads\/2019\/08\/WAZ_05_11_2014-1024x329.jpg\" alt=\"\" class=\"wp-image-190\" width=\"885\" height=\"283\" srcset=\"https:\/\/familienkonzerte.info\/wp-content\/uploads\/2019\/08\/WAZ_05_11_2014-1024x329.jpg 1024w, https:\/\/familienkonzerte.info\/wp-content\/uploads\/2019\/08\/WAZ_05_11_2014-300x96.jpg 300w, https:\/\/familienkonzerte.info\/wp-content\/uploads\/2019\/08\/WAZ_05_11_2014-768x247.jpg 768w\" sizes=\"auto, (max-width: 767px) 89vw, (max-width: 1000px) 54vw, (max-width: 1071px) 543px, 580px\" \/><figcaption>Vera Eckardt, WAZ Essen 5. November 2014<\/figcaption><\/figure>\n\n\n\n<p><strong>Partner M\u00fclheim:<\/strong><br>Orchester: Studentenorchester M\u00fclheim (Leitung: Cornelius During), Regie: Arnd D\u00f6rfling<\/p>\n\n\n\n<figure class=\"wp-block-image is-resized\"><img loading=\"lazy\" decoding=\"async\" src=\"https:\/\/familienkonzerte.info\/wp-content\/uploads\/2019\/08\/WAZ-M\u00fclheim-24.-November-2014-1024x593.jpg\" alt=\"\" class=\"wp-image-189\" width=\"888\" height=\"513\" srcset=\"https:\/\/familienkonzerte.info\/wp-content\/uploads\/2019\/08\/WAZ-M\u00fclheim-24.-November-2014-1024x593.jpg 1024w, https:\/\/familienkonzerte.info\/wp-content\/uploads\/2019\/08\/WAZ-M\u00fclheim-24.-November-2014-300x174.jpg 300w, https:\/\/familienkonzerte.info\/wp-content\/uploads\/2019\/08\/WAZ-M\u00fclheim-24.-November-2014-768x445.jpg 768w, https:\/\/familienkonzerte.info\/wp-content\/uploads\/2019\/08\/WAZ-M\u00fclheim-24.-November-2014.jpg 1660w\" sizes=\"auto, (max-width: 767px) 89vw, (max-width: 1000px) 54vw, (max-width: 1071px) 543px, 580px\" \/><figcaption>Isabel Fedrizzi, WAZ M\u00fclheim 24. November 2014<\/figcaption><\/figure>\n","protected":false},"excerpt":{"rendered":"<p>Konzept und Moderation: Dr. Ulrike Schwanse Ein kr\u00e4ftiger Paukenschlag f\u00fchrt das junge Publikum in Haydns Lebenszeit. Da wird der Acker bestellt, die Tierwelt beobachtet und bei Hofe getanzt. Haydns Musik erz\u00e4hlt, was die Stunde geschlagen hat&#8230;Auf unterhaltsame Weise erfahren Eltern und Sch\u00fcler interessante Details aus dem Leben dieses bedeutenden Komponisten der Wiener Klassik. Und wir &hellip; <\/p>\n<p class=\"link-more\"><a href=\"https:\/\/familienkonzerte.info\/?page_id=50\" class=\"more-link\"><span class=\"screen-reader-text\">\u201eEin Haydnspa\u00df 2014\u201c <\/span>weiterlesen<\/a><\/p>\n","protected":false},"author":1,"featured_media":0,"parent":40,"menu_order":0,"comment_status":"closed","ping_status":"closed","template":"","meta":{"footnotes":""},"class_list":["post-50","page","type-page","status-publish","hentry"],"_links":{"self":[{"href":"https:\/\/familienkonzerte.info\/index.php?rest_route=\/wp\/v2\/pages\/50","targetHints":{"allow":["GET"]}}],"collection":[{"href":"https:\/\/familienkonzerte.info\/index.php?rest_route=\/wp\/v2\/pages"}],"about":[{"href":"https:\/\/familienkonzerte.info\/index.php?rest_route=\/wp\/v2\/types\/page"}],"author":[{"embeddable":true,"href":"https:\/\/familienkonzerte.info\/index.php?rest_route=\/wp\/v2\/users\/1"}],"replies":[{"embeddable":true,"href":"https:\/\/familienkonzerte.info\/index.php?rest_route=%2Fwp%2Fv2%2Fcomments&post=50"}],"version-history":[{"count":7,"href":"https:\/\/familienkonzerte.info\/index.php?rest_route=\/wp\/v2\/pages\/50\/revisions"}],"predecessor-version":[{"id":207,"href":"https:\/\/familienkonzerte.info\/index.php?rest_route=\/wp\/v2\/pages\/50\/revisions\/207"}],"up":[{"embeddable":true,"href":"https:\/\/familienkonzerte.info\/index.php?rest_route=\/wp\/v2\/pages\/40"}],"wp:attachment":[{"href":"https:\/\/familienkonzerte.info\/index.php?rest_route=%2Fwp%2Fv2%2Fmedia&parent=50"}],"curies":[{"name":"wp","href":"https:\/\/api.w.org\/{rel}","templated":true}]}}