{"id":47,"date":"2019-06-03T19:49:53","date_gmt":"2019-06-03T19:49:53","guid":{"rendered":"http:\/\/wordpress.familienkonzerte.info\/?page_id=47"},"modified":"2022-04-08T13:46:15","modified_gmt":"2022-04-08T13:46:15","slug":"die-unterstuetzer","status":"publish","type":"page","link":"https:\/\/familienkonzerte.info\/?page_id=47","title":{"rendered":"Kooperationspartner"},"content":{"rendered":"\n<figure class=\"wp-block-image\"><img loading=\"lazy\" decoding=\"async\" width=\"861\" height=\"420\" src=\"https:\/\/familienkonzerte.info\/wp-content\/uploads\/2019\/08\/Dank-an-alle-Partner.jpg\" alt=\"\" class=\"wp-image-178\" srcset=\"https:\/\/familienkonzerte.info\/wp-content\/uploads\/2019\/08\/Dank-an-alle-Partner.jpg 861w, https:\/\/familienkonzerte.info\/wp-content\/uploads\/2019\/08\/Dank-an-alle-Partner-300x146.jpg 300w, https:\/\/familienkonzerte.info\/wp-content\/uploads\/2019\/08\/Dank-an-alle-Partner-768x375.jpg 768w\" sizes=\"auto, (max-width: 767px) 89vw, (max-width: 1000px) 54vw, (max-width: 1071px) 543px, 580px\" \/><\/figure>\n\n\n\n<p><strong>Essen<\/strong>  <\/p>\n\n\n\n<p>Schirmherr: Muchtar Al Ghusain (Dezernent f\u00fcr Jugend, Bildung und Kultur)<\/p>\n\n\n\n<ul class=\"wp-block-list\"><li> Kulturb\u00fcro der Stadt Essen <\/li><li>Schulamt f\u00fcr die Essen<\/li><li>Familienkonzerte Ruhr e. V.<\/li><li>j\u00e4hrlich wechselnde Sponsoren<\/li><\/ul>\n\n\n\n<p><strong>M\u00fclheim<\/strong><\/p>\n\n\n\n<p>Schirmherrin: Dr. Daniela Grobe (Kulturdezernentin der Stadt M\u00fclheim an der Ruhr)<\/p>\n\n\n\n<ul class=\"wp-block-list\"><li>Kulturdezernat und Kulturbetrieb M\u00fclheim an der Ruhr<\/li><li>Schulamt f\u00fcr die Stadt M\u00fclheim<\/li><li>B\u00fcrgerstiftung M\u00fclheim an der Ruhr<\/li><li>j\u00e4hrlich wechselnde Sponsoren<\/li><\/ul>\n\n\n\n<p>Die Durchf\u00fchrung und Organisation ist nur durch das ehrenamtliche Engagement vieler Helfer m\u00f6glich, denen herzlich gedankt wird!<\/p>\n\n\n\n<p>Trotz sparsamer Mittelverwaltung k\u00f6nnen die entstehenden Kosten allein durch die moderaten Eintrittspreise nicht gedeckt werden. <strong>Wir freuen uns \u00fcber ihre Spenden<\/strong>! Bitte wenden Sie sich an Dr. Ulrike Schwanse, wenn Sie uns unterst\u00fctzen wollen.<\/p>\n","protected":false},"excerpt":{"rendered":"<p>Essen Schirmherr: Muchtar Al Ghusain (Dezernent f\u00fcr Jugend, Bildung und Kultur) Kulturb\u00fcro der Stadt Essen Schulamt f\u00fcr die Essen Familienkonzerte Ruhr e. V. j\u00e4hrlich wechselnde Sponsoren M\u00fclheim Schirmherrin: Dr. Daniela Grobe (Kulturdezernentin der Stadt M\u00fclheim an der Ruhr) Kulturdezernat und Kulturbetrieb M\u00fclheim an der Ruhr Schulamt f\u00fcr die Stadt M\u00fclheim B\u00fcrgerstiftung M\u00fclheim an der Ruhr &hellip; <\/p>\n<p class=\"link-more\"><a href=\"https:\/\/familienkonzerte.info\/?page_id=47\" class=\"more-link\"><span class=\"screen-reader-text\">\u201eKooperationspartner\u201c <\/span>weiterlesen<\/a><\/p>\n","protected":false},"author":1,"featured_media":0,"parent":0,"menu_order":0,"comment_status":"closed","ping_status":"closed","template":"","meta":{"footnotes":""},"class_list":["post-47","page","type-page","status-publish","hentry"],"_links":{"self":[{"href":"https:\/\/familienkonzerte.info\/index.php?rest_route=\/wp\/v2\/pages\/47","targetHints":{"allow":["GET"]}}],"collection":[{"href":"https:\/\/familienkonzerte.info\/index.php?rest_route=\/wp\/v2\/pages"}],"about":[{"href":"https:\/\/familienkonzerte.info\/index.php?rest_route=\/wp\/v2\/types\/page"}],"author":[{"embeddable":true,"href":"https:\/\/familienkonzerte.info\/index.php?rest_route=\/wp\/v2\/users\/1"}],"replies":[{"embeddable":true,"href":"https:\/\/familienkonzerte.info\/index.php?rest_route=%2Fwp%2Fv2%2Fcomments&post=47"}],"version-history":[{"count":11,"href":"https:\/\/familienkonzerte.info\/index.php?rest_route=\/wp\/v2\/pages\/47\/revisions"}],"predecessor-version":[{"id":664,"href":"https:\/\/familienkonzerte.info\/index.php?rest_route=\/wp\/v2\/pages\/47\/revisions\/664"}],"wp:attachment":[{"href":"https:\/\/familienkonzerte.info\/index.php?rest_route=%2Fwp%2Fv2%2Fmedia&parent=47"}],"curies":[{"name":"wp","href":"https:\/\/api.w.org\/{rel}","templated":true}]}}