{"id":417,"date":"2020-08-30T17:02:48","date_gmt":"2020-08-30T17:02:48","guid":{"rendered":"http:\/\/wordpress.familienkonzerte.info\/?page_id=417"},"modified":"2020-10-12T09:42:21","modified_gmt":"2020-10-12T09:42:21","slug":"laengsschnittstudie-zum-projekt","status":"publish","type":"page","link":"https:\/\/familienkonzerte.info\/?page_id=417","title":{"rendered":"Empirische Studien zum Projekt"},"content":{"rendered":"\n<p>Die Familienkonzerte wurden  in einer empirischen <strong>L\u00e4ngsschnittstudie<\/strong> (2020) untersucht. Die Ergebnisse belegen nachdr\u00fccklich die fundamentale Rolle der Grundschullehrkr\u00e4fte zur Gewinnung eines jungen Publikums f\u00fcr qualit\u00e4tvolle neue Konzertformate. <\/p>\n\n\n\n<div class=\"wp-block-file\"><a href=\"https:\/\/familienkonzerte.info\/wp-content\/uploads\/2020\/10\/Das-Orchester-Oktober-2020.pdf\">Das-Orchester-Oktober-2020<\/a><a href=\"https:\/\/familienkonzerte.info\/wp-content\/uploads\/2020\/10\/Das-Orchester-Oktober-2020.pdf\" class=\"wp-block-file__button\" download>Herunterladen<\/a><\/div>\n\n\n\n<figure class=\"wp-block-image size-large\"><img loading=\"lazy\" decoding=\"async\" width=\"609\" height=\"867\" src=\"https:\/\/familienkonzerte.info\/wp-content\/uploads\/2020\/08\/grafik.png\" alt=\"\" class=\"wp-image-418\" srcset=\"https:\/\/familienkonzerte.info\/wp-content\/uploads\/2020\/08\/grafik.png 609w, https:\/\/familienkonzerte.info\/wp-content\/uploads\/2020\/08\/grafik-211x300.png 211w\" sizes=\"auto, (max-width: 609px) 100vw, 609px\" \/><\/figure>\n\n\n\n<p>Die Geschichte, organisatorischen Besonderheiten und Wirkungen dieses Familienkonzertformats wurden in einer emiprischen <strong>Querschnittstudie<\/strong> (Dissertation 2003) ausf\u00fchrlich untersucht. Es wurde nachgewiesen, dass neue Publikumsschichten gewonnen werden k\u00f6nnen. <\/p>\n\n\n\n<p>Ulrike Schwanse: Familienkonzerte in Kooperation mit Grundschulen &#8211; ein Konzept und seine Wirkungen. Empirische Studie (Dissertation), Paderborn 2003,   online verf\u00fcgbar unter: <a href=\"http:\/\/digital.ub.uni-paderborn.de\/urn\/urn:nbn:de:hbz:466-20030101331\">http:\/\/digital.ub.uni-paderborn.de\/urn\/urn:nbn:de:hbz:466-20030101331 <\/a><\/p>\n","protected":false},"excerpt":{"rendered":"<p>Die Familienkonzerte wurden in einer empirischen L\u00e4ngsschnittstudie (2020) untersucht. Die Ergebnisse belegen nachdr\u00fccklich die fundamentale Rolle der Grundschullehrkr\u00e4fte zur Gewinnung eines jungen Publikums f\u00fcr qualit\u00e4tvolle neue Konzertformate. Die Geschichte, organisatorischen Besonderheiten und Wirkungen dieses Familienkonzertformats wurden in einer emiprischen Querschnittstudie (Dissertation 2003) ausf\u00fchrlich untersucht. Es wurde nachgewiesen, dass neue Publikumsschichten gewonnen werden k\u00f6nnen. Ulrike Schwanse: &hellip; <\/p>\n<p class=\"link-more\"><a href=\"https:\/\/familienkonzerte.info\/?page_id=417\" class=\"more-link\"><span class=\"screen-reader-text\">\u201eEmpirische Studien zum Projekt\u201c <\/span>weiterlesen<\/a><\/p>\n","protected":false},"author":2,"featured_media":0,"parent":0,"menu_order":0,"comment_status":"closed","ping_status":"closed","template":"","meta":{"footnotes":""},"class_list":["post-417","page","type-page","status-publish","hentry"],"_links":{"self":[{"href":"https:\/\/familienkonzerte.info\/index.php?rest_route=\/wp\/v2\/pages\/417","targetHints":{"allow":["GET"]}}],"collection":[{"href":"https:\/\/familienkonzerte.info\/index.php?rest_route=\/wp\/v2\/pages"}],"about":[{"href":"https:\/\/familienkonzerte.info\/index.php?rest_route=\/wp\/v2\/types\/page"}],"author":[{"embeddable":true,"href":"https:\/\/familienkonzerte.info\/index.php?rest_route=\/wp\/v2\/users\/2"}],"replies":[{"embeddable":true,"href":"https:\/\/familienkonzerte.info\/index.php?rest_route=%2Fwp%2Fv2%2Fcomments&post=417"}],"version-history":[{"count":4,"href":"https:\/\/familienkonzerte.info\/index.php?rest_route=\/wp\/v2\/pages\/417\/revisions"}],"predecessor-version":[{"id":487,"href":"https:\/\/familienkonzerte.info\/index.php?rest_route=\/wp\/v2\/pages\/417\/revisions\/487"}],"wp:attachment":[{"href":"https:\/\/familienkonzerte.info\/index.php?rest_route=%2Fwp%2Fv2%2Fmedia&parent=417"}],"curies":[{"name":"wp","href":"https:\/\/api.w.org\/{rel}","templated":true}]}}