{"id":34,"date":"2019-06-03T19:26:57","date_gmt":"2019-06-03T19:26:57","guid":{"rendered":"http:\/\/wordpress.familienkonzerte.info\/?page_id=34"},"modified":"2019-08-07T09:53:36","modified_gmt":"2019-08-07T09:53:36","slug":"die-moldau-von-b-smetana","status":"publish","type":"page","link":"https:\/\/familienkonzerte.info\/?page_id=34","title":{"rendered":"Die Moldau (B. Smetana) 2016"},"content":{"rendered":"\n<h3 class=\"wp-block-heading\">Konzept und Moderation: Dr. Ulrike Schwanse<\/h3>\n\n\n\n<h3 class=\"wp-block-heading\">Regie: Anja Sch\u00f6ne<\/h3>\n\n\n\n<div class=\"wp-block-image\"><figure class=\"alignleft\"><img loading=\"lazy\" decoding=\"async\" width=\"355\" height=\"200\" src=\"https:\/\/familienkonzerte.info\/wp-content\/uploads\/2019\/06\/moldau-M_Simon_kl.jpg\" alt=\"\" class=\"wp-image-35\" srcset=\"https:\/\/familienkonzerte.info\/wp-content\/uploads\/2019\/06\/moldau-M_Simon_kl.jpg 355w, https:\/\/familienkonzerte.info\/wp-content\/uploads\/2019\/06\/moldau-M_Simon_kl-300x169.jpg 300w\" sizes=\"auto, (max-width: 355px) 100vw, 355px\" \/><\/figure><\/div>\n\n\n\n<p>\nAus zwei kleinen Quellen im b\u00f6hmischen Hochmoor entspringt ein B\u00e4chlein.\n Es schl\u00e4ngelt sich durch Wiesen und W\u00e4lder, vorbei an spannenden \nJagdabenteuern, einer fr\u00f6hlichen Hochzeit und geheimnisvollen \nn\u00e4chtlichen Geisterwelten. Immer mehr Wasser str\u00f6mt hinzu und st\u00fcrzt an \ngef\u00e4hrlichen Wasserf\u00e4llen herab. Hoch oben von stolzen Burgen k\u00f6nnt ihr &#8211;\n wie fr\u00fcher die Ritter &#8211; auf den gro\u00dfen Fluss schauen. Welcher das ist, \nwei\u00df inzwischen jedes Kind, denn &#8222;Fritzchen Schlagsahne&#8220; hat ihn \nweltber\u00fchmt gemacht: Die Moldau! &#8222;Fritzchen Schlagsahne&#8220; hei\u00dft aus dem \ntschechischen \u00fcbersetzt &#8222;Bedrich Smetana&#8220;. Dieser gro\u00dfe Komponist war am\n Ende seines Lebens leider ganz taub und konnte seine eigene Musik im \nKonzertsaal selbst nicht mehr dirigieren, geschweige denn laut h\u00f6ren. \nUnd dennoch hat er in Noten ganz genau die vielen Abenteuer f\u00fcr euch \naufgeschrieben.\n\n<\/p>\n\n\n\n<p style=\"text-align:left\"><strong>Partner Essen:<\/strong><br>Orchester: Essener Studentenorchester (Leitung:  Johannes Witt), Andreas Bomheuer (Schirmherr)<br><\/p>\n\n\n\n<figure class=\"wp-block-image is-resized\"><img loading=\"lazy\" decoding=\"async\" src=\"https:\/\/familienkonzerte.info\/wp-content\/uploads\/2019\/08\/11.11.2016.jpg\" alt=\"\" class=\"wp-image-196\" width=\"920\" height=\"961\" srcset=\"https:\/\/familienkonzerte.info\/wp-content\/uploads\/2019\/08\/11.11.2016.jpg 787w, https:\/\/familienkonzerte.info\/wp-content\/uploads\/2019\/08\/11.11.2016-287x300.jpg 287w, https:\/\/familienkonzerte.info\/wp-content\/uploads\/2019\/08\/11.11.2016-768x803.jpg 768w\" sizes=\"auto, (max-width: 767px) 89vw, (max-width: 1000px) 54vw, (max-width: 1071px) 543px, 580px\" \/><figcaption>Vera Eckardt, WAZ Essen 11. November 2016<\/figcaption><\/figure>\n\n\n\n<p style=\"text-align:left\"><strong>Partner M\u00fclheim:<\/strong><br>Orchester: Studentenorchester M\u00fcnster (Leitung: Cornelius During) <\/p>\n\n\n\n<figure class=\"wp-block-image is-resized\"><img loading=\"lazy\" decoding=\"async\" src=\"https:\/\/familienkonzerte.info\/wp-content\/uploads\/2019\/08\/WAZ-M\u00fclheim-8.-November-2016-711x1024.jpg\" alt=\"\" class=\"wp-image-194\" width=\"928\" height=\"1336\" srcset=\"https:\/\/familienkonzerte.info\/wp-content\/uploads\/2019\/08\/WAZ-M\u00fclheim-8.-November-2016-711x1024.jpg 711w, https:\/\/familienkonzerte.info\/wp-content\/uploads\/2019\/08\/WAZ-M\u00fclheim-8.-November-2016-208x300.jpg 208w, https:\/\/familienkonzerte.info\/wp-content\/uploads\/2019\/08\/WAZ-M\u00fclheim-8.-November-2016-768x1106.jpg 768w\" sizes=\"auto, (max-width: 767px) 89vw, (max-width: 1000px) 54vw, (max-width: 1071px) 543px, 580px\" \/><figcaption>Isabel Fedrizzi, WAZ M\u00fclheim 8. November 2016<\/figcaption><\/figure>\n\n\n\n<ul class=\"wp-block-gallery columns-3 is-cropped wp-block-gallery-1 is-layout-flex wp-block-gallery-is-layout-flex\"><li class=\"blocks-gallery-item\"><figure><img loading=\"lazy\" decoding=\"async\" width=\"684\" height=\"1024\" src=\"https:\/\/familienkonzerte.info\/wp-content\/uploads\/2019\/06\/2016-Moldau-FK-DSC_6533-684x1024.jpg\" alt=\"\" data-id=\"82\" data-link=\"https:\/\/familienkonzerte.info\/?attachment_id=82\" class=\"wp-image-82\" srcset=\"https:\/\/familienkonzerte.info\/wp-content\/uploads\/2019\/06\/2016-Moldau-FK-DSC_6533-684x1024.jpg 684w, https:\/\/familienkonzerte.info\/wp-content\/uploads\/2019\/06\/2016-Moldau-FK-DSC_6533-200x300.jpg 200w, https:\/\/familienkonzerte.info\/wp-content\/uploads\/2019\/06\/2016-Moldau-FK-DSC_6533-768x1151.jpg 768w, https:\/\/familienkonzerte.info\/wp-content\/uploads\/2019\/06\/2016-Moldau-FK-DSC_6533.jpg 801w\" sizes=\"auto, (max-width: 684px) 100vw, 684px\" \/><\/figure><\/li><li class=\"blocks-gallery-item\"><figure><img loading=\"lazy\" decoding=\"async\" width=\"1024\" height=\"683\" src=\"https:\/\/familienkonzerte.info\/wp-content\/uploads\/2019\/06\/2016-Moldau-FK-DSC_6709-1024x683.jpg\" alt=\"\" data-id=\"85\" data-link=\"https:\/\/familienkonzerte.info\/?attachment_id=85\" class=\"wp-image-85\" srcset=\"https:\/\/familienkonzerte.info\/wp-content\/uploads\/2019\/06\/2016-Moldau-FK-DSC_6709-1024x683.jpg 1024w, https:\/\/familienkonzerte.info\/wp-content\/uploads\/2019\/06\/2016-Moldau-FK-DSC_6709-300x200.jpg 300w, https:\/\/familienkonzerte.info\/wp-content\/uploads\/2019\/06\/2016-Moldau-FK-DSC_6709-768x513.jpg 768w, https:\/\/familienkonzerte.info\/wp-content\/uploads\/2019\/06\/2016-Moldau-FK-DSC_6709.jpg 1798w\" sizes=\"auto, (max-width: 767px) 89vw, (max-width: 1000px) 54vw, (max-width: 1071px) 543px, 580px\" \/><\/figure><\/li><li class=\"blocks-gallery-item\"><figure><img loading=\"lazy\" decoding=\"async\" width=\"1024\" height=\"683\" src=\"https:\/\/familienkonzerte.info\/wp-content\/uploads\/2019\/06\/2016-Moldau-FK-DSC_6530-1024x683.jpg\" alt=\"\" data-id=\"81\" data-link=\"https:\/\/familienkonzerte.info\/?attachment_id=81\" class=\"wp-image-81\" srcset=\"https:\/\/familienkonzerte.info\/wp-content\/uploads\/2019\/06\/2016-Moldau-FK-DSC_6530-1024x683.jpg 1024w, https:\/\/familienkonzerte.info\/wp-content\/uploads\/2019\/06\/2016-Moldau-FK-DSC_6530-300x200.jpg 300w, https:\/\/familienkonzerte.info\/wp-content\/uploads\/2019\/06\/2016-Moldau-FK-DSC_6530-768x513.jpg 768w, https:\/\/familienkonzerte.info\/wp-content\/uploads\/2019\/06\/2016-Moldau-FK-DSC_6530.jpg 1798w\" sizes=\"auto, (max-width: 767px) 89vw, (max-width: 1000px) 54vw, (max-width: 1071px) 543px, 580px\" \/><\/figure><\/li><li class=\"blocks-gallery-item\"><figure><img loading=\"lazy\" decoding=\"async\" width=\"1024\" height=\"683\" src=\"https:\/\/familienkonzerte.info\/wp-content\/uploads\/2019\/06\/2016-Moldau-FK-DSC_6704-1024x683.jpg\" alt=\"\" data-id=\"84\" data-link=\"https:\/\/familienkonzerte.info\/?attachment_id=84\" class=\"wp-image-84\" srcset=\"https:\/\/familienkonzerte.info\/wp-content\/uploads\/2019\/06\/2016-Moldau-FK-DSC_6704-1024x683.jpg 1024w, https:\/\/familienkonzerte.info\/wp-content\/uploads\/2019\/06\/2016-Moldau-FK-DSC_6704-300x200.jpg 300w, https:\/\/familienkonzerte.info\/wp-content\/uploads\/2019\/06\/2016-Moldau-FK-DSC_6704-768x513.jpg 768w, https:\/\/familienkonzerte.info\/wp-content\/uploads\/2019\/06\/2016-Moldau-FK-DSC_6704.jpg 1798w\" sizes=\"auto, (max-width: 767px) 89vw, (max-width: 1000px) 54vw, (max-width: 1071px) 543px, 580px\" \/><\/figure><\/li><li class=\"blocks-gallery-item\"><figure><img loading=\"lazy\" decoding=\"async\" width=\"1024\" height=\"683\" src=\"https:\/\/familienkonzerte.info\/wp-content\/uploads\/2019\/06\/2016-Moldau-FK-DSC_6417-1024x683.jpg\" alt=\"\" data-id=\"72\" data-link=\"https:\/\/familienkonzerte.info\/?attachment_id=72\" class=\"wp-image-72\" srcset=\"https:\/\/familienkonzerte.info\/wp-content\/uploads\/2019\/06\/2016-Moldau-FK-DSC_6417-1024x683.jpg 1024w, https:\/\/familienkonzerte.info\/wp-content\/uploads\/2019\/06\/2016-Moldau-FK-DSC_6417-300x200.jpg 300w, https:\/\/familienkonzerte.info\/wp-content\/uploads\/2019\/06\/2016-Moldau-FK-DSC_6417-768x513.jpg 768w, https:\/\/familienkonzerte.info\/wp-content\/uploads\/2019\/06\/2016-Moldau-FK-DSC_6417.jpg 1798w\" sizes=\"auto, (max-width: 767px) 89vw, (max-width: 1000px) 54vw, (max-width: 1071px) 543px, 580px\" \/><\/figure><\/li><li class=\"blocks-gallery-item\"><figure><img loading=\"lazy\" decoding=\"async\" width=\"1024\" height=\"683\" src=\"https:\/\/familienkonzerte.info\/wp-content\/uploads\/2019\/06\/2016-Moldau-FK-DSC_6431-1024x683.jpg\" alt=\"\" data-id=\"75\" data-link=\"https:\/\/familienkonzerte.info\/?attachment_id=75\" class=\"wp-image-75\" srcset=\"https:\/\/familienkonzerte.info\/wp-content\/uploads\/2019\/06\/2016-Moldau-FK-DSC_6431-1024x683.jpg 1024w, https:\/\/familienkonzerte.info\/wp-content\/uploads\/2019\/06\/2016-Moldau-FK-DSC_6431-300x200.jpg 300w, https:\/\/familienkonzerte.info\/wp-content\/uploads\/2019\/06\/2016-Moldau-FK-DSC_6431-768x513.jpg 768w, https:\/\/familienkonzerte.info\/wp-content\/uploads\/2019\/06\/2016-Moldau-FK-DSC_6431.jpg 1798w\" sizes=\"auto, (max-width: 767px) 89vw, (max-width: 1000px) 54vw, (max-width: 1071px) 543px, 580px\" \/><\/figure><\/li><li class=\"blocks-gallery-item\"><figure><img loading=\"lazy\" decoding=\"async\" width=\"1024\" height=\"683\" src=\"https:\/\/familienkonzerte.info\/wp-content\/uploads\/2019\/06\/2016-Moldau-FK-DSC_6487-1024x683.jpg\" alt=\"\" data-id=\"79\" data-link=\"https:\/\/familienkonzerte.info\/?attachment_id=79\" class=\"wp-image-79\" srcset=\"https:\/\/familienkonzerte.info\/wp-content\/uploads\/2019\/06\/2016-Moldau-FK-DSC_6487-1024x683.jpg 1024w, https:\/\/familienkonzerte.info\/wp-content\/uploads\/2019\/06\/2016-Moldau-FK-DSC_6487-300x200.jpg 300w, https:\/\/familienkonzerte.info\/wp-content\/uploads\/2019\/06\/2016-Moldau-FK-DSC_6487-768x513.jpg 768w, https:\/\/familienkonzerte.info\/wp-content\/uploads\/2019\/06\/2016-Moldau-FK-DSC_6487.jpg 1798w\" sizes=\"auto, (max-width: 767px) 89vw, (max-width: 1000px) 54vw, (max-width: 1071px) 543px, 580px\" \/><figcaption>im Unterricht erstellte Bilder<\/figcaption><\/figure><\/li><li class=\"blocks-gallery-item\"><figure><img loading=\"lazy\" decoding=\"async\" width=\"1024\" height=\"683\" src=\"https:\/\/familienkonzerte.info\/wp-content\/uploads\/2019\/06\/2016-Moldau-FK-DSC_6486-1024x683.jpg\" alt=\"\" data-id=\"78\" data-link=\"https:\/\/familienkonzerte.info\/?attachment_id=78\" class=\"wp-image-78\" srcset=\"https:\/\/familienkonzerte.info\/wp-content\/uploads\/2019\/06\/2016-Moldau-FK-DSC_6486-1024x683.jpg 1024w, https:\/\/familienkonzerte.info\/wp-content\/uploads\/2019\/06\/2016-Moldau-FK-DSC_6486-300x200.jpg 300w, https:\/\/familienkonzerte.info\/wp-content\/uploads\/2019\/06\/2016-Moldau-FK-DSC_6486-768x513.jpg 768w, https:\/\/familienkonzerte.info\/wp-content\/uploads\/2019\/06\/2016-Moldau-FK-DSC_6486.jpg 1798w\" sizes=\"auto, (max-width: 767px) 89vw, (max-width: 1000px) 54vw, (max-width: 1071px) 543px, 580px\" \/><figcaption>im Unterricht erstellte Bilder<\/figcaption><\/figure><\/li><\/ul>\n","protected":false},"excerpt":{"rendered":"<p>Konzept und Moderation: Dr. Ulrike Schwanse Regie: Anja Sch\u00f6ne Aus zwei kleinen Quellen im b\u00f6hmischen Hochmoor entspringt ein B\u00e4chlein. Es schl\u00e4ngelt sich durch Wiesen und W\u00e4lder, vorbei an spannenden Jagdabenteuern, einer fr\u00f6hlichen Hochzeit und geheimnisvollen n\u00e4chtlichen Geisterwelten. Immer mehr Wasser str\u00f6mt hinzu und st\u00fcrzt an gef\u00e4hrlichen Wasserf\u00e4llen herab. Hoch oben von stolzen Burgen k\u00f6nnt ihr &hellip; <\/p>\n<p class=\"link-more\"><a href=\"https:\/\/familienkonzerte.info\/?page_id=34\" class=\"more-link\"><span class=\"screen-reader-text\">\u201eDie Moldau (B. Smetana) 2016\u201c <\/span>weiterlesen<\/a><\/p>\n","protected":false},"author":1,"featured_media":54,"parent":40,"menu_order":0,"comment_status":"closed","ping_status":"closed","template":"","meta":{"footnotes":""},"class_list":["post-34","page","type-page","status-publish","has-post-thumbnail","hentry"],"_links":{"self":[{"href":"https:\/\/familienkonzerte.info\/index.php?rest_route=\/wp\/v2\/pages\/34","targetHints":{"allow":["GET"]}}],"collection":[{"href":"https:\/\/familienkonzerte.info\/index.php?rest_route=\/wp\/v2\/pages"}],"about":[{"href":"https:\/\/familienkonzerte.info\/index.php?rest_route=\/wp\/v2\/types\/page"}],"author":[{"embeddable":true,"href":"https:\/\/familienkonzerte.info\/index.php?rest_route=\/wp\/v2\/users\/1"}],"replies":[{"embeddable":true,"href":"https:\/\/familienkonzerte.info\/index.php?rest_route=%2Fwp%2Fv2%2Fcomments&post=34"}],"version-history":[{"count":13,"href":"https:\/\/familienkonzerte.info\/index.php?rest_route=\/wp\/v2\/pages\/34\/revisions"}],"predecessor-version":[{"id":208,"href":"https:\/\/familienkonzerte.info\/index.php?rest_route=\/wp\/v2\/pages\/34\/revisions\/208"}],"up":[{"embeddable":true,"href":"https:\/\/familienkonzerte.info\/index.php?rest_route=\/wp\/v2\/pages\/40"}],"wp:featuredmedia":[{"embeddable":true,"href":"https:\/\/familienkonzerte.info\/index.php?rest_route=\/wp\/v2\/media\/54"}],"wp:attachment":[{"href":"https:\/\/familienkonzerte.info\/index.php?rest_route=%2Fwp%2Fv2%2Fmedia&parent=34"}],"curies":[{"name":"wp","href":"https:\/\/api.w.org\/{rel}","templated":true}]}}