{"id":219,"date":"2019-08-18T14:21:17","date_gmt":"2019-08-18T14:21:17","guid":{"rendered":"http:\/\/wordpress.familienkonzerte.info\/?page_id=219"},"modified":"2021-08-17T11:39:35","modified_gmt":"2021-08-17T11:39:35","slug":"unterrichtsmaterialien","status":"publish","type":"page","link":"https:\/\/familienkonzerte.info\/?page_id=219","title":{"rendered":"Unterrichtsmaterialien"},"content":{"rendered":"\n<p>F\u00fcr jedes Familienkonzert werden spezielle Unterrichtsmaterialien entwickelt. Neben allgemeinen Einf\u00fchrungen zu Komponist und Werk erhalten die Lehrerinnen und Lehrer Arbeitsbl\u00e4tter, die als Kopievorlagen im Unterricht genutzt werden k\u00f6nnen. Die wichtigsten Klangbeispiele werden in Tracks aufbereitet auf einer Unterrichts-CD zur Verf\u00fcgung gestellt. Hier einige Beispiele:<\/p>\n\n\n\n<h2 class=\"wp-block-heading\">Familienkonzert &#8222;Peter und der Wolf&#8220;<\/h2>\n\n\n\n<figure class=\"wp-block-image size-large\"><img loading=\"lazy\" decoding=\"async\" width=\"576\" height=\"769\" src=\"https:\/\/familienkonzerte.info\/wp-content\/uploads\/2020\/03\/01-Der-Komponist-L\u00fcckentext.jpg\" alt=\"\" class=\"wp-image-365\" srcset=\"https:\/\/familienkonzerte.info\/wp-content\/uploads\/2020\/03\/01-Der-Komponist-L\u00fcckentext.jpg 576w, https:\/\/familienkonzerte.info\/wp-content\/uploads\/2020\/03\/01-Der-Komponist-L\u00fcckentext-225x300.jpg 225w\" sizes=\"auto, (max-width: 576px) 100vw, 576px\" \/><figcaption>Arbeitsblatt mit einem L\u00fcckentext zum Komponisten S. Prokofjew<\/figcaption><\/figure>\n\n\n\n<h2 class=\"wp-block-heading\">Familienkonzert &#8222;Die Moldau&#8220; (B. Smetana)<\/h2>\n\n\n\n<figure class=\"wp-block-gallery columns-2 is-cropped wp-block-gallery-1 is-layout-flex wp-block-gallery-is-layout-flex\"><ul class=\"blocks-gallery-grid\"><li class=\"blocks-gallery-item\"><figure><img loading=\"lazy\" decoding=\"async\" width=\"1024\" height=\"730\" src=\"https:\/\/familienkonzerte.info\/wp-content\/uploads\/2020\/03\/Die_Moldau_A4_neu-1-1024x730.jpg\" alt=\"\" data-id=\"368\" data-link=\"https:\/\/familienkonzerte.info\/?attachment_id=368\" class=\"wp-image-368\" srcset=\"https:\/\/familienkonzerte.info\/wp-content\/uploads\/2020\/03\/Die_Moldau_A4_neu-1-1024x730.jpg 1024w, https:\/\/familienkonzerte.info\/wp-content\/uploads\/2020\/03\/Die_Moldau_A4_neu-1-300x214.jpg 300w, https:\/\/familienkonzerte.info\/wp-content\/uploads\/2020\/03\/Die_Moldau_A4_neu-1-768x547.jpg 768w, https:\/\/familienkonzerte.info\/wp-content\/uploads\/2020\/03\/Die_Moldau_A4_neu-1-1536x1095.jpg 1536w, https:\/\/familienkonzerte.info\/wp-content\/uploads\/2020\/03\/Die_Moldau_A4_neu-1-2048x1460.jpg 2048w\" sizes=\"auto, (max-width: 767px) 89vw, (max-width: 1000px) 54vw, (max-width: 1071px) 543px, 580px\" \/><\/figure><\/li><li class=\"blocks-gallery-item\"><figure><img loading=\"lazy\" decoding=\"async\" width=\"1024\" height=\"724\" src=\"https:\/\/familienkonzerte.info\/wp-content\/uploads\/2020\/03\/Die_Moldau_A4_Ausschnitte-1-1024x724.jpg\" alt=\"\" data-id=\"369\" data-full-url=\"https:\/\/familienkonzerte.info\/wp-content\/uploads\/2020\/03\/Die_Moldau_A4_Ausschnitte-1-scaled.jpg\" data-link=\"https:\/\/familienkonzerte.info\/?attachment_id=369\" class=\"wp-image-369\" srcset=\"https:\/\/familienkonzerte.info\/wp-content\/uploads\/2020\/03\/Die_Moldau_A4_Ausschnitte-1-1024x724.jpg 1024w, https:\/\/familienkonzerte.info\/wp-content\/uploads\/2020\/03\/Die_Moldau_A4_Ausschnitte-1-300x212.jpg 300w, https:\/\/familienkonzerte.info\/wp-content\/uploads\/2020\/03\/Die_Moldau_A4_Ausschnitte-1-768x543.jpg 768w, https:\/\/familienkonzerte.info\/wp-content\/uploads\/2020\/03\/Die_Moldau_A4_Ausschnitte-1-1536x1086.jpg 1536w, https:\/\/familienkonzerte.info\/wp-content\/uploads\/2020\/03\/Die_Moldau_A4_Ausschnitte-1-2048x1448.jpg 2048w\" sizes=\"auto, (max-width: 767px) 89vw, (max-width: 1000px) 54vw, (max-width: 1071px) 543px, 580px\" \/><\/figure><\/li><\/ul><figcaption class=\"blocks-gallery-caption\">Ordne die einzelnen Stationen entsprechend der Musik an. <br>(Illustrationen: Manuel Simon)<\/figcaption><\/figure>\n\n\n\n<figure class=\"wp-block-image size-large\"><img loading=\"lazy\" decoding=\"async\" width=\"716\" height=\"885\" src=\"https:\/\/familienkonzerte.info\/wp-content\/uploads\/2020\/03\/Kreuzwortr\u00e4tsel.jpg\" alt=\"\" class=\"wp-image-370\" srcset=\"https:\/\/familienkonzerte.info\/wp-content\/uploads\/2020\/03\/Kreuzwortr\u00e4tsel.jpg 716w, https:\/\/familienkonzerte.info\/wp-content\/uploads\/2020\/03\/Kreuzwortr\u00e4tsel-243x300.jpg 243w\" sizes=\"auto, (max-width: 716px) 100vw, 716px\" \/><figcaption>Arbeitsblatt: Kreuzwortr\u00e4tsel <\/figcaption><\/figure>\n\n\n\n<figure class=\"wp-block-image size-large\"><img loading=\"lazy\" decoding=\"async\" width=\"1024\" height=\"774\" src=\"https:\/\/familienkonzerte.info\/wp-content\/uploads\/2020\/03\/Wir-schreiben-Jagdmusik-1024x774.jpg\" alt=\"\" class=\"wp-image-371\" srcset=\"https:\/\/familienkonzerte.info\/wp-content\/uploads\/2020\/03\/Wir-schreiben-Jagdmusik-1024x774.jpg 1024w, https:\/\/familienkonzerte.info\/wp-content\/uploads\/2020\/03\/Wir-schreiben-Jagdmusik-300x227.jpg 300w, https:\/\/familienkonzerte.info\/wp-content\/uploads\/2020\/03\/Wir-schreiben-Jagdmusik-768x580.jpg 768w, https:\/\/familienkonzerte.info\/wp-content\/uploads\/2020\/03\/Wir-schreiben-Jagdmusik.jpg 1060w\" sizes=\"auto, (max-width: 767px) 89vw, (max-width: 1000px) 54vw, (max-width: 1071px) 543px, 580px\" \/><figcaption>Arbeitsblatt: Musiklehre-Checkliste<\/figcaption><\/figure>\n\n\n\n<h2 class=\"wp-block-heading\">Familienkonzert &#8222;Geburtstagsfeier bei Mozarts&#8220; (Leopold Mozart zum 300. Geburtstag)<\/h2>\n\n\n\n<figure class=\"wp-block-gallery columns-2 is-cropped wp-block-gallery-2 is-layout-flex wp-block-gallery-is-layout-flex\"><ul class=\"blocks-gallery-grid\"><li class=\"blocks-gallery-item\"><figure><img loading=\"lazy\" decoding=\"async\" width=\"1024\" height=\"724\" src=\"https:\/\/familienkonzerte.info\/wp-content\/uploads\/2020\/03\/20190820_geburtstag_bei_mozarts_grafiken_druck-1024x724.jpg\" alt=\"\" data-id=\"374\" data-link=\"https:\/\/familienkonzerte.info\/?attachment_id=374\" class=\"wp-image-374\" srcset=\"https:\/\/familienkonzerte.info\/wp-content\/uploads\/2020\/03\/20190820_geburtstag_bei_mozarts_grafiken_druck-1024x724.jpg 1024w, https:\/\/familienkonzerte.info\/wp-content\/uploads\/2020\/03\/20190820_geburtstag_bei_mozarts_grafiken_druck-300x212.jpg 300w, https:\/\/familienkonzerte.info\/wp-content\/uploads\/2020\/03\/20190820_geburtstag_bei_mozarts_grafiken_druck-768x543.jpg 768w, https:\/\/familienkonzerte.info\/wp-content\/uploads\/2020\/03\/20190820_geburtstag_bei_mozarts_grafiken_druck-1536x1086.jpg 1536w, https:\/\/familienkonzerte.info\/wp-content\/uploads\/2020\/03\/20190820_geburtstag_bei_mozarts_grafiken_druck-2048x1448.jpg 2048w\" sizes=\"auto, (max-width: 767px) 89vw, (max-width: 1000px) 54vw, (max-width: 1071px) 543px, 580px\" \/><\/figure><\/li><li class=\"blocks-gallery-item\"><figure><img loading=\"lazy\" decoding=\"async\" width=\"1024\" height=\"724\" src=\"https:\/\/familienkonzerte.info\/wp-content\/uploads\/2020\/03\/20190820_geburtstag_bei_mozarts_grafiken_druck2-1024x724.jpg\" alt=\"\" data-id=\"375\" data-link=\"https:\/\/familienkonzerte.info\/?attachment_id=375\" class=\"wp-image-375\" srcset=\"https:\/\/familienkonzerte.info\/wp-content\/uploads\/2020\/03\/20190820_geburtstag_bei_mozarts_grafiken_druck2-1024x724.jpg 1024w, https:\/\/familienkonzerte.info\/wp-content\/uploads\/2020\/03\/20190820_geburtstag_bei_mozarts_grafiken_druck2-300x212.jpg 300w, https:\/\/familienkonzerte.info\/wp-content\/uploads\/2020\/03\/20190820_geburtstag_bei_mozarts_grafiken_druck2-768x543.jpg 768w, https:\/\/familienkonzerte.info\/wp-content\/uploads\/2020\/03\/20190820_geburtstag_bei_mozarts_grafiken_druck2-1536x1086.jpg 1536w, https:\/\/familienkonzerte.info\/wp-content\/uploads\/2020\/03\/20190820_geburtstag_bei_mozarts_grafiken_druck2-2048x1448.jpg 2048w\" sizes=\"auto, (max-width: 767px) 89vw, (max-width: 1000px) 54vw, (max-width: 1071px) 543px, 580px\" \/><\/figure><\/li><\/ul><figcaption class=\"blocks-gallery-caption\">Leopold Mozart: Biographie und Violinschule (Illustrationen: Anja Hess)<\/figcaption><\/figure>\n\n\n\n<figure class=\"wp-block-gallery columns-1 is-cropped wp-block-gallery-3 is-layout-flex wp-block-gallery-is-layout-flex\"><ul class=\"blocks-gallery-grid\"><li class=\"blocks-gallery-item\"><figure><img loading=\"lazy\" decoding=\"async\" width=\"1024\" height=\"724\" src=\"https:\/\/familienkonzerte.info\/wp-content\/uploads\/2020\/03\/20190820_geburtstag_bei_mozarts_grafiken_druck3-1-1024x724.jpg\" alt=\"\" data-id=\"378\" data-full-url=\"https:\/\/familienkonzerte.info\/wp-content\/uploads\/2020\/03\/20190820_geburtstag_bei_mozarts_grafiken_druck3-1-scaled.jpg\" data-link=\"https:\/\/familienkonzerte.info\/?attachment_id=378\" class=\"wp-image-378\" srcset=\"https:\/\/familienkonzerte.info\/wp-content\/uploads\/2020\/03\/20190820_geburtstag_bei_mozarts_grafiken_druck3-1-1024x724.jpg 1024w, https:\/\/familienkonzerte.info\/wp-content\/uploads\/2020\/03\/20190820_geburtstag_bei_mozarts_grafiken_druck3-1-300x212.jpg 300w, https:\/\/familienkonzerte.info\/wp-content\/uploads\/2020\/03\/20190820_geburtstag_bei_mozarts_grafiken_druck3-1-768x543.jpg 768w, https:\/\/familienkonzerte.info\/wp-content\/uploads\/2020\/03\/20190820_geburtstag_bei_mozarts_grafiken_druck3-1-1536x1086.jpg 1536w, https:\/\/familienkonzerte.info\/wp-content\/uploads\/2020\/03\/20190820_geburtstag_bei_mozarts_grafiken_druck3-1-2048x1448.jpg 2048w\" sizes=\"auto, (max-width: 767px) 89vw, (max-width: 1000px) 54vw, (max-width: 1071px) 543px, 580px\" \/><\/figure><\/li><\/ul><figcaption class=\"blocks-gallery-caption\">Leopold Mozart als Komponist (Illustration: Anja Hess)<\/figcaption><\/figure>\n\n\n\n<figure class=\"wp-block-gallery columns-2 is-cropped wp-block-gallery-4 is-layout-flex wp-block-gallery-is-layout-flex\"><ul class=\"blocks-gallery-grid\"><li class=\"blocks-gallery-item\"><figure><img loading=\"lazy\" decoding=\"async\" width=\"1024\" height=\"724\" src=\"https:\/\/familienkonzerte.info\/wp-content\/uploads\/2020\/03\/20190820_geburtstag_bei_mozarts_grafiken_druck_Seite_16-1024x724.jpg\" alt=\"\" data-id=\"379\" data-link=\"https:\/\/familienkonzerte.info\/?attachment_id=379\" class=\"wp-image-379\" srcset=\"https:\/\/familienkonzerte.info\/wp-content\/uploads\/2020\/03\/20190820_geburtstag_bei_mozarts_grafiken_druck_Seite_16-1024x724.jpg 1024w, https:\/\/familienkonzerte.info\/wp-content\/uploads\/2020\/03\/20190820_geburtstag_bei_mozarts_grafiken_druck_Seite_16-300x212.jpg 300w, https:\/\/familienkonzerte.info\/wp-content\/uploads\/2020\/03\/20190820_geburtstag_bei_mozarts_grafiken_druck_Seite_16-768x543.jpg 768w, https:\/\/familienkonzerte.info\/wp-content\/uploads\/2020\/03\/20190820_geburtstag_bei_mozarts_grafiken_druck_Seite_16-1536x1086.jpg 1536w, https:\/\/familienkonzerte.info\/wp-content\/uploads\/2020\/03\/20190820_geburtstag_bei_mozarts_grafiken_druck_Seite_16-2048x1448.jpg 2048w\" sizes=\"auto, (max-width: 767px) 89vw, (max-width: 1000px) 54vw, (max-width: 1071px) 543px, 580px\" \/><\/figure><\/li><li class=\"blocks-gallery-item\"><figure><img loading=\"lazy\" decoding=\"async\" width=\"1024\" height=\"796\" src=\"https:\/\/familienkonzerte.info\/wp-content\/uploads\/2020\/03\/Johanna-H\u00f6lter-1024x796.jpg\" alt=\"\" data-id=\"380\" data-full-url=\"https:\/\/familienkonzerte.info\/wp-content\/uploads\/2020\/03\/Johanna-H\u00f6lter-scaled.jpg\" data-link=\"https:\/\/familienkonzerte.info\/?attachment_id=380\" class=\"wp-image-380\" srcset=\"https:\/\/familienkonzerte.info\/wp-content\/uploads\/2020\/03\/Johanna-H\u00f6lter-1024x796.jpg 1024w, https:\/\/familienkonzerte.info\/wp-content\/uploads\/2020\/03\/Johanna-H\u00f6lter-300x233.jpg 300w, https:\/\/familienkonzerte.info\/wp-content\/uploads\/2020\/03\/Johanna-H\u00f6lter-768x597.jpg 768w, https:\/\/familienkonzerte.info\/wp-content\/uploads\/2020\/03\/Johanna-H\u00f6lter-1536x1194.jpg 1536w, https:\/\/familienkonzerte.info\/wp-content\/uploads\/2020\/03\/Johanna-H\u00f6lter-2048x1592.jpg 2048w\" sizes=\"auto, (max-width: 767px) 89vw, (max-width: 1000px) 54vw, (max-width: 1071px) 543px, 580px\" \/><\/figure><\/li><\/ul><figcaption class=\"blocks-gallery-caption\">Leopold Mozart und die Mode (Ausmalvorlage und Beispiel)<\/figcaption><\/figure>\n\n\n\n<figure class=\"wp-block-image size-large\"><img loading=\"lazy\" decoding=\"async\" width=\"785\" height=\"1024\" src=\"https:\/\/familienkonzerte.info\/wp-content\/uploads\/2020\/03\/Spiel-mit-St\u00fcck-Bauernhochzeit-Marsch-785x1024.jpg\" alt=\"\" class=\"wp-image-384\" srcset=\"https:\/\/familienkonzerte.info\/wp-content\/uploads\/2020\/03\/Spiel-mit-St\u00fcck-Bauernhochzeit-Marsch-785x1024.jpg 785w, https:\/\/familienkonzerte.info\/wp-content\/uploads\/2020\/03\/Spiel-mit-St\u00fcck-Bauernhochzeit-Marsch-230x300.jpg 230w, https:\/\/familienkonzerte.info\/wp-content\/uploads\/2020\/03\/Spiel-mit-St\u00fcck-Bauernhochzeit-Marsch-768x1001.jpg 768w, https:\/\/familienkonzerte.info\/wp-content\/uploads\/2020\/03\/Spiel-mit-St\u00fcck-Bauernhochzeit-Marsch-1178x1536.jpg 1178w, https:\/\/familienkonzerte.info\/wp-content\/uploads\/2020\/03\/Spiel-mit-St\u00fcck-Bauernhochzeit-Marsch-1571x2048.jpg 1571w, https:\/\/familienkonzerte.info\/wp-content\/uploads\/2020\/03\/Spiel-mit-St\u00fcck-Bauernhochzeit-Marsch.jpg 1671w\" sizes=\"auto, (max-width: 767px) 89vw, (max-width: 1000px) 54vw, (max-width: 1071px) 543px, 580px\" \/><figcaption>Spiel-Mit-St\u00fcck Bauernhochzeit<\/figcaption><\/figure>\n\n\n\n<p><\/p>\n","protected":false},"excerpt":{"rendered":"<p>F\u00fcr jedes Familienkonzert werden spezielle Unterrichtsmaterialien entwickelt. Neben allgemeinen Einf\u00fchrungen zu Komponist und Werk erhalten die Lehrerinnen und Lehrer Arbeitsbl\u00e4tter, die als Kopievorlagen im Unterricht genutzt werden k\u00f6nnen. Die wichtigsten Klangbeispiele werden in Tracks aufbereitet auf einer Unterrichts-CD zur Verf\u00fcgung gestellt. Hier einige Beispiele: Familienkonzert &#8222;Peter und der Wolf&#8220; Familienkonzert &#8222;Die Moldau&#8220; (B. Smetana) Familienkonzert &hellip; <\/p>\n<p class=\"link-more\"><a href=\"https:\/\/familienkonzerte.info\/?page_id=219\" class=\"more-link\"><span class=\"screen-reader-text\">\u201eUnterrichtsmaterialien\u201c <\/span>weiterlesen<\/a><\/p>\n","protected":false},"author":1,"featured_media":0,"parent":0,"menu_order":0,"comment_status":"closed","ping_status":"closed","template":"","meta":{"footnotes":""},"class_list":["post-219","page","type-page","status-publish","hentry"],"_links":{"self":[{"href":"https:\/\/familienkonzerte.info\/index.php?rest_route=\/wp\/v2\/pages\/219","targetHints":{"allow":["GET"]}}],"collection":[{"href":"https:\/\/familienkonzerte.info\/index.php?rest_route=\/wp\/v2\/pages"}],"about":[{"href":"https:\/\/familienkonzerte.info\/index.php?rest_route=\/wp\/v2\/types\/page"}],"author":[{"embeddable":true,"href":"https:\/\/familienkonzerte.info\/index.php?rest_route=\/wp\/v2\/users\/1"}],"replies":[{"embeddable":true,"href":"https:\/\/familienkonzerte.info\/index.php?rest_route=%2Fwp%2Fv2%2Fcomments&post=219"}],"version-history":[{"count":6,"href":"https:\/\/familienkonzerte.info\/index.php?rest_route=\/wp\/v2\/pages\/219\/revisions"}],"predecessor-version":[{"id":564,"href":"https:\/\/familienkonzerte.info\/index.php?rest_route=\/wp\/v2\/pages\/219\/revisions\/564"}],"wp:attachment":[{"href":"https:\/\/familienkonzerte.info\/index.php?rest_route=%2Fwp%2Fv2%2Fmedia&parent=219"}],"curies":[{"name":"wp","href":"https:\/\/api.w.org\/{rel}","templated":true}]}}